{"id":80,"date":"2012-05-02T12:10:17","date_gmt":"2012-05-02T11:10:17","guid":{"rendered":"http:\/\/www.gimnasioyinyang.com\/?page_id=80"},"modified":"2020-03-25T23:45:36","modified_gmt":"2020-03-25T22:45:36","slug":"nuestra-historia","status":"publish","type":"page","link":"http:\/\/www.gimnasioyinyang.com\/?page_id=80","title":{"rendered":"Nuestra Historia"},"content":{"rendered":"<p style=\"text-align: justify;\">El Gimnasio Yin Yang abri\u00f3 sus puertas en Diciembre de 1984, de manos de su Directora M\u00aa Cruz Cuervo Alvarez, y con la colaboraci\u00f3n de toda la Familia Ardines Cuervo, que ya con anterioridad destacaba en el mundo deportivo, dentro de actividades como el Judo.<\/p>\n<p style=\"text-align: justify;\">Durante este periodo se han logrado mejorar mucho estos objetivos, ellos mismos han logrado triunfos en campeonatos de Espa\u00f1a de Judo y de Kenpo Karate y hasta dos campeonatos de Europa y un Subcampeonato.<\/p>\n<p style=\"text-align: justify;\">Los alumnos de este centro les siguen a la zaga, varios campeones de Espa\u00f1a de Judo, Karate y Kenpo, demostrando el alto nivel y calidad de los deportistas de Lugones que entrenan en este Gimnasio, esta claro que el nivel formativo es inmejorable, a la vista est\u00e1n los resultados para juzgarlo, realmente impresionante lo que se ha conseguido en estos a\u00f1os, se ocupar\u00edan hojas y hojas con la cantidad de campeones de trofeos regionales, interregionales, nacionales, campeones de Asturias, de Espa\u00f1a que se han conseguido en estos a\u00f1os, labor que no ha cesado de dar frutos ya que todav\u00eda este a\u00f1o se ha conseguido ya 2 Campeones de Espa\u00f1a de Kenpo, Un Subcamp\u00e9on , un 3\u00ba Clasificado en la Copa Europa de Judo y varios campeones de Asturias, a finales de a\u00f1o realizaremos balance de resultados y esperamos contar con nuevos campeones, estar seguro de ello.<\/p>\n","protected":false},"excerpt":{"rendered":"<p>El Gimnasio Yin Yang abri\u00f3 sus puertas en Diciembre de 1984, de manos de su Directora M\u00aa Cruz Cuervo Alvarez, y con la colaboraci\u00f3n de toda la Familia Ardines Cuervo, que ya con anterioridad destacaba en el mundo deportivo, dentro &hellip; <a href=\"http:\/\/www.gimnasioyinyang.com\/?page_id=80\">Sigue leyendo <span class=\"meta-nav\">&rarr;<\/span><\/a><\/p>\n","protected":false},"author":1,"featured_media":0,"parent":0,"menu_order":2,"comment_status":"closed","ping_status":"closed","template":"","meta":{"footnotes":""},"class_list":["post-80","page","type-page","status-publish","hentry"],"_links":{"self":[{"href":"http:\/\/www.gimnasioyinyang.com\/index.php?rest_route=\/wp\/v2\/pages\/80","targetHints":{"allow":["GET"]}}],"collection":[{"href":"http:\/\/www.gimnasioyinyang.com\/index.php?rest_route=\/wp\/v2\/pages"}],"about":[{"href":"http:\/\/www.gimnasioyinyang.com\/index.php?rest_route=\/wp\/v2\/types\/page"}],"author":[{"embeddable":true,"href":"http:\/\/www.gimnasioyinyang.com\/index.php?rest_route=\/wp\/v2\/users\/1"}],"replies":[{"embeddable":true,"href":"http:\/\/www.gimnasioyinyang.com\/index.php?rest_route=%2Fwp%2Fv2%2Fcomments&post=80"}],"version-history":[{"count":3,"href":"http:\/\/www.gimnasioyinyang.com\/index.php?rest_route=\/wp\/v2\/pages\/80\/revisions"}],"predecessor-version":[{"id":270,"href":"http:\/\/www.gimnasioyinyang.com\/index.php?rest_route=\/wp\/v2\/pages\/80\/revisions\/270"}],"wp:attachment":[{"href":"http:\/\/www.gimnasioyinyang.com\/index.php?rest_route=%2Fwp%2Fv2%2Fmedia&parent=80"}],"curies":[{"name":"wp","href":"https:\/\/api.w.org\/{rel}","templated":true}]}}